{"id":41205,"date":"2024-07-03T02:18:29","date_gmt":"2024-07-03T06:18:29","guid":{"rendered":"https:\/\/danellduqueacademy.com\/blogs\/"},"modified":"2024-07-03T02:25:47","modified_gmt":"2024-07-03T06:25:47","slug":"blogs","status":"publish","type":"page","link":"https:\/\/danellduqueacademy.com\/en\/blogs\/","title":{"rendered":"blogs"},"content":{"rendered":"\t\t<div data-elementor-type=\"wp-page\" data-elementor-id=\"41205\" class=\"elementor elementor-41205 elementor-41203\">\n\t\t\t\t\t\t<section class=\"elementor-section elementor-top-section elementor-element elementor-element-c65f38d elementor-section-full_width elementor-section-height-default elementor-section-height-default\" data-id=\"c65f38d\" data-element_type=\"section\" data-settings=\"{&quot;jet_parallax_layout_list&quot;:[{&quot;jet_parallax_layout_image&quot;:{&quot;url&quot;:&quot;&quot;,&quot;id&quot;:&quot;&quot;,&quot;size&quot;:&quot;&quot;},&quot;_id&quot;:&quot;86c8676&quot;,&quot;jet_parallax_layout_image_tablet&quot;:{&quot;url&quot;:&quot;&quot;,&quot;id&quot;:&quot;&quot;,&quot;size&quot;:&quot;&quot;},&quot;jet_parallax_layout_image_mobile&quot;:{&quot;url&quot;:&quot;&quot;,&quot;id&quot;:&quot;&quot;,&quot;size&quot;:&quot;&quot;},&quot;jet_parallax_layout_speed&quot;:{&quot;unit&quot;:&quot;%&quot;,&quot;size&quot;:50,&quot;sizes&quot;:[]},&quot;jet_parallax_layout_type&quot;:&quot;scroll&quot;,&quot;jet_parallax_layout_direction&quot;:null,&quot;jet_parallax_layout_fx_direction&quot;:null,&quot;jet_parallax_layout_z_index&quot;:&quot;&quot;,&quot;jet_parallax_layout_bg_x&quot;:50,&quot;jet_parallax_layout_bg_x_tablet&quot;:&quot;&quot;,&quot;jet_parallax_layout_bg_x_mobile&quot;:&quot;&quot;,&quot;jet_parallax_layout_bg_y&quot;:50,&quot;jet_parallax_layout_bg_y_tablet&quot;:&quot;&quot;,&quot;jet_parallax_layout_bg_y_mobile&quot;:&quot;&quot;,&quot;jet_parallax_layout_bg_size&quot;:&quot;auto&quot;,&quot;jet_parallax_layout_bg_size_tablet&quot;:&quot;&quot;,&quot;jet_parallax_layout_bg_size_mobile&quot;:&quot;&quot;,&quot;jet_parallax_layout_animation_prop&quot;:&quot;transform&quot;,&quot;jet_parallax_layout_on&quot;:[&quot;desktop&quot;,&quot;tablet&quot;]}],&quot;background_background&quot;:&quot;classic&quot;}\">\n\t\t\t\t\t\t\t<div class=\"elementor-background-overlay\"><\/div>\n\t\t\t\t\t\t\t<div class=\"elementor-container elementor-column-gap-no\">\n\t\t\t\t\t<div class=\"elementor-column elementor-col-100 elementor-top-column elementor-element elementor-element-c1f9cc3\" data-id=\"c1f9cc3\" data-element_type=\"column\">\n\t\t\t<div class=\"elementor-widget-wrap elementor-element-populated\">\n\t\t\t\t\t\t<div class=\"elementor-element elementor-element-6435a6c elementor-invisible elementor-widget elementor-widget-heading\" data-id=\"6435a6c\" data-element_type=\"widget\" data-settings=\"{&quot;_animation&quot;:&quot;fadeInDown&quot;}\" data-widget_type=\"heading.default\">\n\t\t\t\t<div class=\"elementor-widget-container\">\n\t\t\t<h1 class=\"elementor-heading-title elementor-size-default\">Blog<\/h1>\t\t<\/div>\n\t\t\t\t<\/div>\n\t\t\t\t\t<\/div>\n\t\t<\/div>\n\t\t\t\t\t<\/div>\n\t\t<\/section>\n\t\t\t\t<section class=\"elementor-section elementor-top-section elementor-element elementor-element-5069d8c elementor-section-height-min-height elementor-section-boxed elementor-section-height-default elementor-section-items-middle\" data-id=\"5069d8c\" data-element_type=\"section\" data-settings=\"{&quot;jet_parallax_layout_list&quot;:[{&quot;jet_parallax_layout_image&quot;:{&quot;url&quot;:&quot;&quot;,&quot;id&quot;:&quot;&quot;,&quot;size&quot;:&quot;&quot;},&quot;_id&quot;:&quot;5e484b4&quot;,&quot;jet_parallax_layout_image_tablet&quot;:{&quot;url&quot;:&quot;&quot;,&quot;id&quot;:&quot;&quot;,&quot;size&quot;:&quot;&quot;},&quot;jet_parallax_layout_image_mobile&quot;:{&quot;url&quot;:&quot;&quot;,&quot;id&quot;:&quot;&quot;,&quot;size&quot;:&quot;&quot;},&quot;jet_parallax_layout_speed&quot;:{&quot;unit&quot;:&quot;%&quot;,&quot;size&quot;:50,&quot;sizes&quot;:[]},&quot;jet_parallax_layout_type&quot;:&quot;scroll&quot;,&quot;jet_parallax_layout_direction&quot;:null,&quot;jet_parallax_layout_fx_direction&quot;:null,&quot;jet_parallax_layout_z_index&quot;:&quot;&quot;,&quot;jet_parallax_layout_bg_x&quot;:50,&quot;jet_parallax_layout_bg_x_tablet&quot;:&quot;&quot;,&quot;jet_parallax_layout_bg_x_mobile&quot;:&quot;&quot;,&quot;jet_parallax_layout_bg_y&quot;:50,&quot;jet_parallax_layout_bg_y_tablet&quot;:&quot;&quot;,&quot;jet_parallax_layout_bg_y_mobile&quot;:&quot;&quot;,&quot;jet_parallax_layout_bg_size&quot;:&quot;auto&quot;,&quot;jet_parallax_layout_bg_size_tablet&quot;:&quot;&quot;,&quot;jet_parallax_layout_bg_size_mobile&quot;:&quot;&quot;,&quot;jet_parallax_layout_animation_prop&quot;:&quot;transform&quot;,&quot;jet_parallax_layout_on&quot;:[&quot;desktop&quot;,&quot;tablet&quot;]}]}\">\n\t\t\t\t\t\t\t<div class=\"elementor-background-overlay\"><\/div>\n\t\t\t\t\t\t\t<div class=\"elementor-container elementor-column-gap-default\">\n\t\t\t\t\t<div class=\"elementor-column elementor-col-100 elementor-top-column elementor-element elementor-element-e196f6a\" data-id=\"e196f6a\" data-element_type=\"column\">\n\t\t\t<div class=\"elementor-widget-wrap elementor-element-populated\">\n\t\t\t\t\t\t<div class=\"elementor-element elementor-element-87e6186 elementor-grid-3 elementor-grid-tablet-2 elementor-grid-mobile-1 elementor-posts--thumbnail-top elementor-card-shadow-yes elementor-posts__hover-gradient elementor-widget elementor-widget-posts\" data-id=\"87e6186\" data-element_type=\"widget\" data-settings=\"{&quot;cards_columns&quot;:&quot;3&quot;,&quot;cards_columns_tablet&quot;:&quot;2&quot;,&quot;cards_columns_mobile&quot;:&quot;1&quot;,&quot;cards_row_gap&quot;:{&quot;unit&quot;:&quot;px&quot;,&quot;size&quot;:35,&quot;sizes&quot;:[]},&quot;cards_row_gap_tablet&quot;:{&quot;unit&quot;:&quot;px&quot;,&quot;size&quot;:&quot;&quot;,&quot;sizes&quot;:[]},&quot;cards_row_gap_mobile&quot;:{&quot;unit&quot;:&quot;px&quot;,&quot;size&quot;:&quot;&quot;,&quot;sizes&quot;:[]}}\" data-widget_type=\"posts.cards\">\n\t\t\t\t<div class=\"elementor-widget-container\">\n\t\t\t\t\t<div class=\"elementor-posts-container elementor-posts elementor-posts--skin-cards elementor-grid\">\n\t\t\t\t<article class=\"elementor-post elementor-grid-item post-41304 post type-post status-publish format-standard hentry category-sin-categorizar\">\n\t\t\t<div class=\"elementor-post__card\">\n\t\t\t\t<div class=\"elementor-post__text\">\n\t\t\t\t<h3 class=\"elementor-post__title\">\n\t\t\t<a href=\"https:\/\/danellduqueacademy.com\/en\/how-to-invest-wisely-in-your-micropigmentation-training-and-business-2\/\" >\n\t\t\t\tHow to Invest Wisely in Your Micropigmentation Training and Business\t\t\t<\/a>\n\t\t<\/h3>\n\t\t\t\t<div class=\"elementor-post__excerpt\">\n\t\t\t<p>Micropigmentation, or permanent makeup, is an innovative field that combines creativity and technique to enhance natural beauty. Investing in micropigmentation training is a business strategy<\/p>\n\t\t<\/div>\n\t\t\n\t\t<a class=\"elementor-post__read-more\" href=\"https:\/\/danellduqueacademy.com\/en\/how-to-invest-wisely-in-your-micropigmentation-training-and-business-2\/\" aria-label=\"Read more about How to Invest Wisely in Your Micropigmentation Training and Business\" >\n\t\t\tRead more \"\t\t<\/a>\n\n\t\t\t\t<\/div>\n\t\t\t\t\t<\/div>\n\t\t<\/article>\n\t\t\t\t<article class=\"elementor-post elementor-grid-item post-41198 post type-post status-publish format-standard has-post-thumbnail hentry category-micropigmentacion\">\n\t\t\t<div class=\"elementor-post__card\">\n\t\t\t\t<a class=\"elementor-post__thumbnail__link\" href=\"https:\/\/danellduqueacademy.com\/en\/how-to-invest-wisely-in-your-micropigmentation-training-and-business\/\" ><div class=\"elementor-post__thumbnail\"><img fetchpriority=\"high\" decoding=\"async\" width=\"624\" height=\"468\" src=\"https:\/\/danellduqueacademy.com\/wp-content\/uploads\/2024\/07\/Como-Invertir-Sabiamente-en-tu-Formacion-y-Negocio-de-Micropigmentacion.jpg\" class=\"attachment-full size-full wp-image-41241\" alt=\"C\u00f3mo Invertir Sabiamente en tu Formaci\u00f3n y Negocio de Micropigmentaci\u00f3n\" srcset=\"https:\/\/danellduqueacademy.com\/wp-content\/uploads\/2024\/07\/Como-Invertir-Sabiamente-en-tu-Formacion-y-Negocio-de-Micropigmentacion.jpg 624w, https:\/\/danellduqueacademy.com\/wp-content\/uploads\/2024\/07\/Como-Invertir-Sabiamente-en-tu-Formacion-y-Negocio-de-Micropigmentacion-300x225.jpg 300w, https:\/\/danellduqueacademy.com\/wp-content\/uploads\/2024\/07\/Como-Invertir-Sabiamente-en-tu-Formacion-y-Negocio-de-Micropigmentacion-600x450.jpg 600w\" sizes=\"(max-width: 624px) 100vw, 624px\" \/><\/div><\/a>\n\t\t\t\t<div class=\"elementor-post__text\">\n\t\t\t\t<h3 class=\"elementor-post__title\">\n\t\t\t<a href=\"https:\/\/danellduqueacademy.com\/en\/how-to-invest-wisely-in-your-micropigmentation-training-and-business\/\" >\n\t\t\t\tHow to Invest Wisely in Your Micropigmentation Training and Business\t\t\t<\/a>\n\t\t<\/h3>\n\t\t\t\t<div class=\"elementor-post__excerpt\">\n\t\t\t<p>Micropigmentation, or permanent makeup, is an innovative field that combines creativity and technique to enhance natural beauty. Investing in micropigmentation training is a business strategy<\/p>\n\t\t<\/div>\n\t\t\n\t\t<a class=\"elementor-post__read-more\" href=\"https:\/\/danellduqueacademy.com\/en\/how-to-invest-wisely-in-your-micropigmentation-training-and-business\/\" aria-label=\"Read more about How to Invest Wisely in Your Micropigmentation Training and Business\" >\n\t\t\tRead more \"\t\t<\/a>\n\n\t\t\t\t<\/div>\n\t\t\t\t\t<\/div>\n\t\t<\/article>\n\t\t\t\t<article class=\"elementor-post elementor-grid-item post-41193 post type-post status-publish format-standard has-post-thumbnail hentry category-micropigmentacion\">\n\t\t\t<div class=\"elementor-post__card\">\n\t\t\t\t<a class=\"elementor-post__thumbnail__link\" href=\"https:\/\/danellduqueacademy.com\/en\/a-day-in-the-life-of-a-successful-micropigmentation-artist\/\" ><div class=\"elementor-post__thumbnail\"><img decoding=\"async\" width=\"624\" height=\"468\" src=\"https:\/\/danellduqueacademy.com\/wp-content\/uploads\/2024\/07\/Un-Dia-en-la-Vida-de-una-Artista-Exitosa-de-Micropigmentacion.jpg\" class=\"attachment-full size-full wp-image-41232\" alt=\"Un D\u00eda en la Vida de una Artista Exitosa de Micropigmentaci\u00f3n\" srcset=\"https:\/\/danellduqueacademy.com\/wp-content\/uploads\/2024\/07\/Un-Dia-en-la-Vida-de-una-Artista-Exitosa-de-Micropigmentacion.jpg 624w, https:\/\/danellduqueacademy.com\/wp-content\/uploads\/2024\/07\/Un-Dia-en-la-Vida-de-una-Artista-Exitosa-de-Micropigmentacion-300x225.jpg 300w, https:\/\/danellduqueacademy.com\/wp-content\/uploads\/2024\/07\/Un-Dia-en-la-Vida-de-una-Artista-Exitosa-de-Micropigmentacion-600x450.jpg 600w\" sizes=\"(max-width: 624px) 100vw, 624px\" \/><\/div><\/a>\n\t\t\t\t<div class=\"elementor-post__text\">\n\t\t\t\t<h3 class=\"elementor-post__title\">\n\t\t\t<a href=\"https:\/\/danellduqueacademy.com\/en\/a-day-in-the-life-of-a-successful-micropigmentation-artist\/\" >\n\t\t\t\tA Day in the Life of a Successful Micropigmentation Artist\t\t\t<\/a>\n\t\t<\/h3>\n\t\t\t\t<div class=\"elementor-post__excerpt\">\n\t\t\t<p>The key to a successful micropigmentation session is a clear mind and an intentional morning routine. Starting the day with meditation to calm the mind<\/p>\n\t\t<\/div>\n\t\t\n\t\t<a class=\"elementor-post__read-more\" href=\"https:\/\/danellduqueacademy.com\/en\/a-day-in-the-life-of-a-successful-micropigmentation-artist\/\" aria-label=\"Read more about A Day in the Life of a Successful Micropigmentation Artist\" >\n\t\t\tRead more \"\t\t<\/a>\n\n\t\t\t\t<\/div>\n\t\t\t\t\t<\/div>\n\t\t<\/article>\n\t\t\t\t<article class=\"elementor-post elementor-grid-item post-40876 post type-post status-publish format-standard hentry category-micropigmentacion\">\n\t\t\t<div class=\"elementor-post__card\">\n\t\t\t\t<div class=\"elementor-post__text\">\n\t\t\t\t<h3 class=\"elementor-post__title\">\n\t\t\t<a href=\"https:\/\/danellduqueacademy.com\/en\/micropigmentation-master-class-prepare-for-success\/\" >\n\t\t\t\tMicropigmentation Master class: Prepare for success.\t\t\t<\/a>\n\t\t<\/h3>\n\t\t\t\t<div class=\"elementor-post__excerpt\">\n\t\t\t<p>A Master class in micropigmentation with Danell Duque is a magnificent experience and a business opportunity with a broad and clear vision of everything that<\/p>\n\t\t<\/div>\n\t\t\n\t\t<a class=\"elementor-post__read-more\" href=\"https:\/\/danellduqueacademy.com\/en\/micropigmentation-master-class-prepare-for-success\/\" aria-label=\"Read more about Micropigmentation Master class: Prepare for success.\" >\n\t\t\tRead more \"\t\t<\/a>\n\n\t\t\t\t<\/div>\n\t\t\t\t\t<\/div>\n\t\t<\/article>\n\t\t\t\t<article class=\"elementor-post elementor-grid-item post-40903 post type-post status-publish format-standard hentry category-micropigmentacion\">\n\t\t\t<div class=\"elementor-post__card\">\n\t\t\t\t<div class=\"elementor-post__text\">\n\t\t\t\t<h3 class=\"elementor-post__title\">\n\t\t\t<a href=\"https:\/\/danellduqueacademy.com\/en\/what-do-i-need-to-become-a-100-professional-micropigmenter-in-usa\/\" >\n\t\t\t\tWhat do I need to become a 100% Professional Micropigmenter in USA?\t\t\t<\/a>\n\t\t<\/h3>\n\t\t\t\t<div class=\"elementor-post__excerpt\">\n\t\t\t<p>Being a Micropigmentadora for Danell Duque is a wonderful experience and a great business opportunity, being a professional Micropigmentadora encompasses many aspects that involve a<\/p>\n\t\t<\/div>\n\t\t\n\t\t<a class=\"elementor-post__read-more\" href=\"https:\/\/danellduqueacademy.com\/en\/what-do-i-need-to-become-a-100-professional-micropigmenter-in-usa\/\" aria-label=\"Read more about What do I need to become a 100% Professional Micropigmenter in USA?\" >\n\t\t\tRead more \"\t\t<\/a>\n\n\t\t\t\t<\/div>\n\t\t\t\t\t<\/div>\n\t\t<\/article>\n\t\t\t\t<article class=\"elementor-post elementor-grid-item post-40905 post type-post status-publish format-standard hentry category-micropigmentacion\">\n\t\t\t<div class=\"elementor-post__card\">\n\t\t\t\t<div class=\"elementor-post__text\">\n\t\t\t\t<h3 class=\"elementor-post__title\">\n\t\t\t<a href=\"https:\/\/danellduqueacademy.com\/en\/micropigmentation-art-and-beauty-for-todays-face\/\" >\n\t\t\t\tMicropigmentation: Art and beauty for today&#8217;s face\t\t\t<\/a>\n\t\t<\/h3>\n\t\t\t\t<div class=\"elementor-post__excerpt\">\n\t\t\t<p>In today&#8217;s beauty industry, micropigmentation is being talked about a lot, it has become an icon of image enhancement and a great opportunity for entrepreneurship.<\/p>\n\t\t<\/div>\n\t\t\n\t\t<a class=\"elementor-post__read-more\" href=\"https:\/\/danellduqueacademy.com\/en\/micropigmentation-art-and-beauty-for-todays-face\/\" aria-label=\"Read more about Micropigmentation: Art and beauty for today&#8217;s face\" >\n\t\t\tRead more \"\t\t<\/a>\n\n\t\t\t\t<\/div>\n\t\t\t\t\t<\/div>\n\t\t<\/article>\n\t\t\t\t<\/div>\n\t\t\n\t\t\t\t<\/div>\n\t\t\t\t<\/div>\n\t\t\t\t\t<\/div>\n\t\t<\/div>\n\t\t\t\t\t<\/div>\n\t\t<\/section>\n\t\t\t\t<\/div>\n\t\t","protected":false},"excerpt":{"rendered":"<p>Blog<\/p>\n","protected":false},"author":101,"featured_media":0,"parent":0,"menu_order":0,"comment_status":"closed","ping_status":"closed","template":"","meta":{"site-sidebar-layout":"no-sidebar","site-content-layout":"page-builder","ast-global-header-display":"","ast-main-header-display":"","ast-hfb-above-header-display":"","ast-hfb-below-header-display":"","ast-hfb-mobile-header-display":"","site-post-title":"disabled","ast-breadcrumbs-content":"","ast-featured-img":"disabled","footer-sml-layout":"","theme-transparent-header-meta":"","adv-header-id-meta":"","stick-header-meta":"","header-above-stick-meta":"","header-main-stick-meta":"","header-below-stick-meta":"","_joinchat":[],"footnotes":""},"yoast_head":"<!-- This site is optimized with the Yoast SEO plugin v22.9 - https:\/\/yoast.com\/wordpress\/plugins\/seo\/ -->\n<title>blogs - Danell Duque<\/title>\n<meta name=\"robots\" content=\"index, follow, max-snippet:-1, max-image-preview:large, max-video-preview:-1\" \/>\n<link rel=\"canonical\" href=\"https:\/\/danellduqueacademy.com\/en\/blogs\/\" \/>\n<meta property=\"og:locale\" content=\"en_US\" \/>\n<meta property=\"og:type\" content=\"article\" \/>\n<meta property=\"og:title\" content=\"blogs - Danell Duque\" \/>\n<meta property=\"og:description\" content=\"Blog\" \/>\n<meta property=\"og:url\" content=\"https:\/\/danellduqueacademy.com\/en\/blogs\/\" \/>\n<meta property=\"og:site_name\" content=\"Danell Duque\" \/>\n<meta property=\"article:modified_time\" content=\"2024-07-03T06:25:47+00:00\" \/>\n<meta name=\"twitter:card\" content=\"summary_large_image\" \/>\n<script type=\"application\/ld+json\" class=\"yoast-schema-graph\">{\"@context\":\"https:\/\/schema.org\",\"@graph\":[{\"@type\":\"WebPage\",\"@id\":\"https:\/\/danellduqueacademy.com\/en\/blogs\/\",\"url\":\"https:\/\/danellduqueacademy.com\/en\/blogs\/\",\"name\":\"blogs - Danell Duque\",\"isPartOf\":{\"@id\":\"https:\/\/danellduqueacademy.com\/en\/#website\"},\"datePublished\":\"2024-07-03T06:18:29+00:00\",\"dateModified\":\"2024-07-03T06:25:47+00:00\",\"breadcrumb\":{\"@id\":\"https:\/\/danellduqueacademy.com\/en\/blogs\/#breadcrumb\"},\"inLanguage\":\"en-US\",\"potentialAction\":[{\"@type\":\"ReadAction\",\"target\":[\"https:\/\/danellduqueacademy.com\/en\/blogs\/\"]}]},{\"@type\":\"BreadcrumbList\",\"@id\":\"https:\/\/danellduqueacademy.com\/en\/blogs\/#breadcrumb\",\"itemListElement\":[{\"@type\":\"ListItem\",\"position\":1,\"name\":\"Portada\",\"item\":\"https:\/\/danellduqueacademy.com\/en\/home\/\"},{\"@type\":\"ListItem\",\"position\":2,\"name\":\"blogs\"}]},{\"@type\":\"WebSite\",\"@id\":\"https:\/\/danellduqueacademy.com\/en\/#website\",\"url\":\"https:\/\/danellduqueacademy.com\/en\/\",\"name\":\"Danell Duque\",\"description\":\"Academia Danell Duque\",\"publisher\":{\"@id\":\"https:\/\/danellduqueacademy.com\/en\/#organization\"},\"potentialAction\":[{\"@type\":\"SearchAction\",\"target\":{\"@type\":\"EntryPoint\",\"urlTemplate\":\"https:\/\/danellduqueacademy.com\/en\/?s={search_term_string}\"},\"query-input\":\"required name=search_term_string\"}],\"inLanguage\":\"en-US\"},{\"@type\":\"Organization\",\"@id\":\"https:\/\/danellduqueacademy.com\/en\/#organization\",\"name\":\"Danell Duque\",\"url\":\"https:\/\/danellduqueacademy.com\/en\/\",\"logo\":{\"@type\":\"ImageObject\",\"inLanguage\":\"en-US\",\"@id\":\"https:\/\/danellduqueacademy.com\/en\/#\/schema\/logo\/image\/\",\"url\":\"https:\/\/danellduqueacademy.com\/wp-content\/uploads\/2022\/02\/Logo.png\",\"contentUrl\":\"https:\/\/danellduqueacademy.com\/wp-content\/uploads\/2022\/02\/Logo.png\",\"width\":490,\"height\":490,\"caption\":\"Danell Duque\"},\"image\":{\"@id\":\"https:\/\/danellduqueacademy.com\/en\/#\/schema\/logo\/image\/\"}}]}<\/script>\n<!-- \/ Yoast SEO plugin. -->","yoast_head_json":{"title":"blogs - Danell Duque","robots":{"index":"index","follow":"follow","max-snippet":"max-snippet:-1","max-image-preview":"max-image-preview:large","max-video-preview":"max-video-preview:-1"},"canonical":"https:\/\/danellduqueacademy.com\/en\/blogs\/","og_locale":"en_US","og_type":"article","og_title":"blogs - Danell Duque","og_description":"Blog","og_url":"https:\/\/danellduqueacademy.com\/en\/blogs\/","og_site_name":"Danell Duque","article_modified_time":"2024-07-03T06:25:47+00:00","twitter_card":"summary_large_image","schema":{"@context":"https:\/\/schema.org","@graph":[{"@type":"WebPage","@id":"https:\/\/danellduqueacademy.com\/en\/blogs\/","url":"https:\/\/danellduqueacademy.com\/en\/blogs\/","name":"blogs - Danell Duque","isPartOf":{"@id":"https:\/\/danellduqueacademy.com\/en\/#website"},"datePublished":"2024-07-03T06:18:29+00:00","dateModified":"2024-07-03T06:25:47+00:00","breadcrumb":{"@id":"https:\/\/danellduqueacademy.com\/en\/blogs\/#breadcrumb"},"inLanguage":"en-US","potentialAction":[{"@type":"ReadAction","target":["https:\/\/danellduqueacademy.com\/en\/blogs\/"]}]},{"@type":"BreadcrumbList","@id":"https:\/\/danellduqueacademy.com\/en\/blogs\/#breadcrumb","itemListElement":[{"@type":"ListItem","position":1,"name":"Portada","item":"https:\/\/danellduqueacademy.com\/en\/home\/"},{"@type":"ListItem","position":2,"name":"blogs"}]},{"@type":"WebSite","@id":"https:\/\/danellduqueacademy.com\/en\/#website","url":"https:\/\/danellduqueacademy.com\/en\/","name":"Danell Duque","description":"Academia Danell Duque","publisher":{"@id":"https:\/\/danellduqueacademy.com\/en\/#organization"},"potentialAction":[{"@type":"SearchAction","target":{"@type":"EntryPoint","urlTemplate":"https:\/\/danellduqueacademy.com\/en\/?s={search_term_string}"},"query-input":"required name=search_term_string"}],"inLanguage":"en-US"},{"@type":"Organization","@id":"https:\/\/danellduqueacademy.com\/en\/#organization","name":"Danell Duque","url":"https:\/\/danellduqueacademy.com\/en\/","logo":{"@type":"ImageObject","inLanguage":"en-US","@id":"https:\/\/danellduqueacademy.com\/en\/#\/schema\/logo\/image\/","url":"https:\/\/danellduqueacademy.com\/wp-content\/uploads\/2022\/02\/Logo.png","contentUrl":"https:\/\/danellduqueacademy.com\/wp-content\/uploads\/2022\/02\/Logo.png","width":490,"height":490,"caption":"Danell Duque"},"image":{"@id":"https:\/\/danellduqueacademy.com\/en\/#\/schema\/logo\/image\/"}}]}},"_links":{"self":[{"href":"https:\/\/danellduqueacademy.com\/en\/wp-json\/wp\/v2\/pages\/41205"}],"collection":[{"href":"https:\/\/danellduqueacademy.com\/en\/wp-json\/wp\/v2\/pages"}],"about":[{"href":"https:\/\/danellduqueacademy.com\/en\/wp-json\/wp\/v2\/types\/page"}],"author":[{"embeddable":true,"href":"https:\/\/danellduqueacademy.com\/en\/wp-json\/wp\/v2\/users\/101"}],"replies":[{"embeddable":true,"href":"https:\/\/danellduqueacademy.com\/en\/wp-json\/wp\/v2\/comments?post=41205"}],"version-history":[{"count":4,"href":"https:\/\/danellduqueacademy.com\/en\/wp-json\/wp\/v2\/pages\/41205\/revisions"}],"predecessor-version":[{"id":41219,"href":"https:\/\/danellduqueacademy.com\/en\/wp-json\/wp\/v2\/pages\/41205\/revisions\/41219"}],"wp:attachment":[{"href":"https:\/\/danellduqueacademy.com\/en\/wp-json\/wp\/v2\/media?parent=41205"}],"curies":[{"name":"wp","href":"https:\/\/api.w.org\/{rel}","templated":true}]}}